{"id":41421,"date":"2025-12-17T09:33:03","date_gmt":"2025-12-17T08:33:03","guid":{"rendered":"https:\/\/dev.parodi-duesseldorf.de\/privacy\/"},"modified":"2026-01-27T12:38:16","modified_gmt":"2026-01-27T11:38:16","slug":"privacy","status":"publish","type":"page","link":"https:\/\/dev.parodi-duesseldorf.de\/en\/privacy\/","title":{"rendered":"Privacy"},"content":{"rendered":"\t\t<div data-elementor-type=\"wp-page\" data-elementor-id=\"41421\" class=\"elementor elementor-41421 elementor-41199\" data-elementor-post-type=\"page\">\n\t\t\t\t<div class=\"elementor-element elementor-element-e6410f1 e-con-full e-flex e-con e-parent\" data-id=\"e6410f1\" data-element_type=\"container\" data-settings=\"{&quot;background_background&quot;:&quot;classic&quot;}\">\n\t\t<div class=\"elementor-element elementor-element-5fe8ad5 e-con-full e-flex e-con e-child\" data-id=\"5fe8ad5\" data-element_type=\"container\">\n\t\t<div class=\"elementor-element elementor-element-af35236 e-con-full e-flex e-con e-child\" data-id=\"af35236\" data-element_type=\"container\">\n\t\t\t\t<div class=\"elementor-element elementor-element-e614ed5 animated-slow elementor-invisible elementor-widget elementor-widget-the7-heading\" data-id=\"e614ed5\" data-element_type=\"widget\" data-settings=\"{&quot;_animation&quot;:&quot;fadeIn&quot;}\" data-widget_type=\"the7-heading.default\">\n\t\t\t\t<div class=\"elementor-widget-container\">\n\t\t\t\t\t<h2 class=\"the7-heading-title elementor-size-default\">Privacy<\/h2>\t\t\t\t<\/div>\n\t\t\t\t<\/div>\n\t\t\t\t<\/div>\n\t\t\t\t<\/div>\n\t\t\t\t<\/div>\n\t\t<div class=\"elementor-element elementor-element-a19706b e-con-full e-flex e-con e-parent\" data-id=\"a19706b\" data-element_type=\"container\" data-settings=\"{&quot;background_background&quot;:&quot;classic&quot;}\">\n\t\t\t\t<div class=\"elementor-element elementor-element-0eac6bc elementor-widget-tablet__width-inherit elementor-widget__width-initial elementor-widget elementor-widget-text-editor\" data-id=\"0eac6bc\" data-element_type=\"widget\" data-widget_type=\"text-editor.default\">\n\t\t\t\t<div class=\"elementor-widget-container\">\n\t\t\t\t\t\t\t\t\t<p>Die Nutzung unserer Webseite ist in der Regel ohne Angabe personenbezogener Daten m\u00f6glich. Wir weisen darauf hin, dass die Daten\u00fcbertragung im Internet (z.B. bei der Kommunikation per E-Mail) Sicherheitsl\u00fccken aufweisen kann. Ein l\u00fcckenloser Schutz der Daten vor dem Zugriff durch Dritte ist nicht m\u00f6glich. Der Nutzung von im Rahmen der Impressumspflicht ver\u00f6ffentlichten Kontaktdaten durch Dritte zur \u00dcbersendung von nicht ausdr\u00fccklich angeforderter Werbung und Informationsmaterialien wird hiermit ausdr\u00fccklich widersprochen. Die Betreiber der Seiten behalten sich ausdr\u00fccklich rechtliche Schritte im Falle der unverlangten Zusendung von Werbeinformationen, etwa durch Spam-Mails, vor.<\/p>\t\t\t\t\t\t\t\t<\/div>\n\t\t\t\t<\/div>\n\t\t\t\t<\/div>\n\t\t<div class=\"elementor-element elementor-element-8b1deeb e-con-full e-flex e-con e-parent\" data-id=\"8b1deeb\" data-element_type=\"container\" data-settings=\"{&quot;background_background&quot;:&quot;classic&quot;}\">\n\t\t<div class=\"elementor-element elementor-element-9e54d85 e-con-full e-flex e-con e-child\" data-id=\"9e54d85\" data-element_type=\"container\">\n\t\t\t\t<div class=\"elementor-element elementor-element-6d22d57 elementor-widget elementor-widget-image\" data-id=\"6d22d57\" data-element_type=\"widget\" data-widget_type=\"image.default\">\n\t\t\t\t<div class=\"elementor-widget-container\">\n\t\t\t\t\t\t\t\t\t\t\t\t\t\t\t<img fetchpriority=\"high\" decoding=\"async\" width=\"527\" height=\"527\" src=\"https:\/\/dev.parodi-duesseldorf.de\/wp-content\/uploads\/2025\/11\/aesc24.png\" class=\"attachment-large size-large wp-image-41366\" alt=\"\" srcset=\"https:\/\/dev.parodi-duesseldorf.de\/wp-content\/uploads\/2025\/11\/aesc24.png 527w, https:\/\/dev.parodi-duesseldorf.de\/wp-content\/uploads\/2025\/11\/aesc24-300x300.png 300w, https:\/\/dev.parodi-duesseldorf.de\/wp-content\/uploads\/2025\/11\/aesc24-150x150.png 150w\" sizes=\"(max-width: 527px) 100vw, 527px\" \/>\t\t\t\t\t\t\t\t\t\t\t\t\t\t\t<\/div>\n\t\t\t\t<\/div>\n\t\t\t\t<\/div>\n\t\t<div class=\"elementor-element elementor-element-5e844a1 e-con-full e-flex e-con e-child\" data-id=\"5e844a1\" data-element_type=\"container\">\n\t\t\t\t<div class=\"elementor-element elementor-element-3824e2a elementor-widget elementor-widget-image\" data-id=\"3824e2a\" data-element_type=\"widget\" data-widget_type=\"image.default\">\n\t\t\t\t<div class=\"elementor-widget-container\">\n\t\t\t\t\t\t\t\t\t\t\t\t\t\t\t<img decoding=\"async\" width=\"527\" height=\"527\" src=\"https:\/\/dev.parodi-duesseldorf.de\/wp-content\/uploads\/2025\/11\/bluesteps_wei.png\" class=\"attachment-large size-large wp-image-41367\" alt=\"\" srcset=\"https:\/\/dev.parodi-duesseldorf.de\/wp-content\/uploads\/2025\/11\/bluesteps_wei.png 527w, https:\/\/dev.parodi-duesseldorf.de\/wp-content\/uploads\/2025\/11\/bluesteps_wei-300x300.png 300w, https:\/\/dev.parodi-duesseldorf.de\/wp-content\/uploads\/2025\/11\/bluesteps_wei-150x150.png 150w\" sizes=\"(max-width: 527px) 100vw, 527px\" \/>\t\t\t\t\t\t\t\t\t\t\t\t\t\t\t<\/div>\n\t\t\t\t<\/div>\n\t\t\t\t<\/div>\n\t\t<div class=\"elementor-element elementor-element-ce01647 e-con-full e-flex e-con e-child\" data-id=\"ce01647\" data-element_type=\"container\">\n\t\t\t\t<div class=\"elementor-element elementor-element-ae6c355 elementor-widget elementor-widget-image\" data-id=\"ae6c355\" data-element_type=\"widget\" data-widget_type=\"image.default\">\n\t\t\t\t<div class=\"elementor-widget-container\">\n\t\t\t\t\t\t\t\t\t\t\t\t\t\t\t<img decoding=\"async\" width=\"527\" height=\"527\" src=\"https:\/\/dev.parodi-duesseldorf.de\/wp-content\/uploads\/2025\/11\/dbvc_wei.png\" class=\"attachment-large size-large wp-image-41368\" alt=\"\" srcset=\"https:\/\/dev.parodi-duesseldorf.de\/wp-content\/uploads\/2025\/11\/dbvc_wei.png 527w, https:\/\/dev.parodi-duesseldorf.de\/wp-content\/uploads\/2025\/11\/dbvc_wei-300x300.png 300w, https:\/\/dev.parodi-duesseldorf.de\/wp-content\/uploads\/2025\/11\/dbvc_wei-150x150.png 150w\" sizes=\"(max-width: 527px) 100vw, 527px\" \/>\t\t\t\t\t\t\t\t\t\t\t\t\t\t\t<\/div>\n\t\t\t\t<\/div>\n\t\t\t\t<\/div>\n\t\t<div class=\"elementor-element elementor-element-10533d2 e-con-full e-flex e-con e-child\" data-id=\"10533d2\" data-element_type=\"container\">\n\t\t\t\t<div class=\"elementor-element elementor-element-2ac640b elementor-widget elementor-widget-image\" data-id=\"2ac640b\" data-element_type=\"widget\" data-widget_type=\"image.default\">\n\t\t\t\t<div class=\"elementor-widget-container\">\n\t\t\t\t\t\t\t\t\t\t\t\t\t\t\t<img loading=\"lazy\" decoding=\"async\" width=\"527\" height=\"527\" src=\"https:\/\/dev.parodi-duesseldorf.de\/wp-content\/uploads\/2025\/11\/dnwe_wei.png\" class=\"attachment-large size-large wp-image-41369\" alt=\"\" srcset=\"https:\/\/dev.parodi-duesseldorf.de\/wp-content\/uploads\/2025\/11\/dnwe_wei.png 527w, https:\/\/dev.parodi-duesseldorf.de\/wp-content\/uploads\/2025\/11\/dnwe_wei-300x300.png 300w, https:\/\/dev.parodi-duesseldorf.de\/wp-content\/uploads\/2025\/11\/dnwe_wei-150x150.png 150w\" sizes=\"(max-width: 527px) 100vw, 527px\" \/>\t\t\t\t\t\t\t\t\t\t\t\t\t\t\t<\/div>\n\t\t\t\t<\/div>\n\t\t\t\t<\/div>\n\t\t<div class=\"elementor-element elementor-element-ea46de2 e-con-full e-flex e-con e-child\" data-id=\"ea46de2\" data-element_type=\"container\">\n\t\t\t\t<div class=\"elementor-element elementor-element-5647dd5 elementor-widget elementor-widget-image\" data-id=\"5647dd5\" data-element_type=\"widget\" data-widget_type=\"image.default\">\n\t\t\t\t<div class=\"elementor-widget-container\">\n\t\t\t\t\t\t\t\t\t\t\t\t\t\t\t<img loading=\"lazy\" decoding=\"async\" width=\"527\" height=\"527\" src=\"https:\/\/dev.parodi-duesseldorf.de\/wp-content\/uploads\/2025\/11\/steinmann_wei.png\" class=\"attachment-large size-large wp-image-41370\" alt=\"\" srcset=\"https:\/\/dev.parodi-duesseldorf.de\/wp-content\/uploads\/2025\/11\/steinmann_wei.png 527w, https:\/\/dev.parodi-duesseldorf.de\/wp-content\/uploads\/2025\/11\/steinmann_wei-300x300.png 300w, https:\/\/dev.parodi-duesseldorf.de\/wp-content\/uploads\/2025\/11\/steinmann_wei-150x150.png 150w\" sizes=\"(max-width: 527px) 100vw, 527px\" \/>\t\t\t\t\t\t\t\t\t\t\t\t\t\t\t<\/div>\n\t\t\t\t<\/div>\n\t\t\t\t<\/div>\n\t\t<div class=\"elementor-element elementor-element-acb6bb8 e-con-full e-flex e-con e-child\" data-id=\"acb6bb8\" data-element_type=\"container\">\n\t\t\t\t<div class=\"elementor-element elementor-element-207bd22 elementor-widget elementor-widget-image\" data-id=\"207bd22\" data-element_type=\"widget\" data-widget_type=\"image.default\">\n\t\t\t\t<div class=\"elementor-widget-container\">\n\t\t\t\t\t\t\t\t\t\t\t\t\t\t\t<img loading=\"lazy\" decoding=\"async\" width=\"527\" height=\"527\" src=\"https:\/\/dev.parodi-duesseldorf.de\/wp-content\/uploads\/2025\/11\/bdd_wei.png\" class=\"attachment-large size-large wp-image-41371\" alt=\"\" srcset=\"https:\/\/dev.parodi-duesseldorf.de\/wp-content\/uploads\/2025\/11\/bdd_wei.png 527w, https:\/\/dev.parodi-duesseldorf.de\/wp-content\/uploads\/2025\/11\/bdd_wei-300x300.png 300w, https:\/\/dev.parodi-duesseldorf.de\/wp-content\/uploads\/2025\/11\/bdd_wei-150x150.png 150w\" sizes=\"(max-width: 527px) 100vw, 527px\" \/>\t\t\t\t\t\t\t\t\t\t\t\t\t\t\t<\/div>\n\t\t\t\t<\/div>\n\t\t\t\t<\/div>\n\t\t<div class=\"elementor-element elementor-element-71b3984 e-con-full e-flex e-con e-child\" data-id=\"71b3984\" data-element_type=\"container\">\n\t\t\t\t<div class=\"elementor-element elementor-element-fd9156a elementor-widget elementor-widget-image\" data-id=\"fd9156a\" data-element_type=\"widget\" data-widget_type=\"image.default\">\n\t\t\t\t<div class=\"elementor-widget-container\">\n\t\t\t\t\t\t\t\t\t\t\t\t\t\t\t<img loading=\"lazy\" decoding=\"async\" width=\"527\" height=\"527\" src=\"https:\/\/dev.parodi-duesseldorf.de\/wp-content\/uploads\/2025\/11\/markenverband_wei.png\" class=\"attachment-large size-large wp-image-41372\" alt=\"\" srcset=\"https:\/\/dev.parodi-duesseldorf.de\/wp-content\/uploads\/2025\/11\/markenverband_wei.png 527w, https:\/\/dev.parodi-duesseldorf.de\/wp-content\/uploads\/2025\/11\/markenverband_wei-300x300.png 300w, https:\/\/dev.parodi-duesseldorf.de\/wp-content\/uploads\/2025\/11\/markenverband_wei-150x150.png 150w\" sizes=\"(max-width: 527px) 100vw, 527px\" \/>\t\t\t\t\t\t\t\t\t\t\t\t\t\t\t<\/div>\n\t\t\t\t<\/div>\n\t\t\t\t<\/div>\n\t\t\t\t<\/div>\n\t\t\t\t<\/div>\n\t\t","protected":false},"excerpt":{"rendered":"<p>Privacy Die Nutzung unserer Webseite ist in der Regel ohne Angabe personenbezogener Daten m\u00f6glich. Wir weisen darauf hin, dass die Daten\u00fcbertragung im Internet (z.B. bei der Kommunikation per E-Mail) Sicherheitsl\u00fccken aufweisen kann. Ein l\u00fcckenloser Schutz der Daten vor dem Zugriff durch Dritte ist nicht m\u00f6glich. Der Nutzung von im Rahmen der Impressumspflicht ver\u00f6ffentlichten Kontaktdaten durch&hellip;<\/p>\n","protected":false},"author":1,"featured_media":41373,"parent":0,"menu_order":1,"comment_status":"closed","ping_status":"closed","template":"elementor_header_footer","meta":{"footnotes":""},"class_list":["post-41421","page","type-page","status-publish","has-post-thumbnail","hentry"],"_links":{"self":[{"href":"https:\/\/dev.parodi-duesseldorf.de\/en\/wp-json\/wp\/v2\/pages\/41421","targetHints":{"allow":["GET"]}}],"collection":[{"href":"https:\/\/dev.parodi-duesseldorf.de\/en\/wp-json\/wp\/v2\/pages"}],"about":[{"href":"https:\/\/dev.parodi-duesseldorf.de\/en\/wp-json\/wp\/v2\/types\/page"}],"author":[{"embeddable":true,"href":"https:\/\/dev.parodi-duesseldorf.de\/en\/wp-json\/wp\/v2\/users\/1"}],"replies":[{"embeddable":true,"href":"https:\/\/dev.parodi-duesseldorf.de\/en\/wp-json\/wp\/v2\/comments?post=41421"}],"version-history":[{"count":1,"href":"https:\/\/dev.parodi-duesseldorf.de\/en\/wp-json\/wp\/v2\/pages\/41421\/revisions"}],"predecessor-version":[{"id":41422,"href":"https:\/\/dev.parodi-duesseldorf.de\/en\/wp-json\/wp\/v2\/pages\/41421\/revisions\/41422"}],"wp:featuredmedia":[{"embeddable":true,"href":"https:\/\/dev.parodi-duesseldorf.de\/en\/wp-json\/wp\/v2\/media\/41373"}],"wp:attachment":[{"href":"https:\/\/dev.parodi-duesseldorf.de\/en\/wp-json\/wp\/v2\/media?parent=41421"}],"curies":[{"name":"wp","href":"https:\/\/api.w.org\/{rel}","templated":true}]}}